{"id":1561,"date":"2024-10-16T06:53:59","date_gmt":"2024-10-16T06:53:59","guid":{"rendered":"https:\/\/romansrl.com\/?page_id=1561"},"modified":"2024-11-24T09:53:31","modified_gmt":"2024-11-24T09:53:31","slug":"sustainability","status":"publish","type":"page","link":"https:\/\/romansrl.com\/it\/sustainability\/","title":{"rendered":"SOSTENIBILIT\u00c0"},"content":{"rendered":"<div data-elementor-type=\"wp-page\" data-elementor-id=\"1561\" class=\"elementor elementor-1561\">\n\t\t\t\t\n\t<script type=\"text\/javascript\">\n\t\t\n\t\tjQuery(document).ready(function ($) {\n\t\t\tvar elementSelector = \".elementor-element-447fc1bd[data-eae-slider=91142]\";\n\t\t\tvar $element = jQuery(elementSelector);\n\n\t\t\t\/\/ Adding the HTML structure\n\t\t\t$element.prepend('<div class=\"eae-section-bs\"><div class=\"eae-section-bs-inner\"><\/div><\/div>');\n\n\t\t\t\/\/ Initialize vegas background slider\n\t\t\t$element.children('.eae-section-bs').children('.eae-section-bs-inner').vegas({\n\t\t\t\tslides: [{\"src\":\"https:\\\/\\\/romansrl.com\\\/wp-content\\\/uploads\\\/2024\\\/10\\\/line.svg\"}],\n\t\t\t\ttransition: 'fade',\n\t\t\t\tanimation: 'kenburnsRight',\n\t\t\t\toverlay: 'https:\/\/romansrl.com\/wp-content\/plugins\/addon-elements-for-elementor-page-builder\/\/assets\/lib\/vegas\/overlays\/00.png',\n\t\t\t\tcover: false,\n\t\t\t\tdelay: 2000,\n\t\t\t\ttimer: true\t\t\t});\n\t\t\t\n\n\t\t\t\/\/ Clear the overlay if custom overlay switcher is set to 'yes'\n\t\t\tif ('' === 'yes') {\n\t\t\t\t$element.find('.vegas-overlay').css('background-image', '');\n\t\t\t}\n\t\t});\n\t<\/script>\n\t\t<div class=\"has_eae_slider has_ae_slider elementor-element elementor-element-447fc1bd e-con-full ss e-flex wpr-particle-no wpr-jarallax-no wpr-parallax-no wpr-sticky-section-no ae-bg-gallery-type-default e-con e-parent\" data-eae-slider=\"91142\" data-id=\"447fc1bd\" data-element_type=\"container\" data-settings=\"{&quot;background_background&quot;:&quot;classic&quot;}\">\n\t\t\t\t<div class=\"elementor-element elementor-element-18c65992 elementor-widget elementor-widget-image\" data-id=\"18c65992\" data-element_type=\"widget\" data-widget_type=\"image.default\">\n\t\t\t\t<div class=\"elementor-widget-container\">\n\t\t\t\t\t\t\t\t\t\t\t\t\t\t\t<img decoding=\"async\" width=\"335\" height=\"121\" src=\"https:\/\/romansrl.com\/wp-content\/uploads\/2024\/10\/home-logo-type.png\" class=\"attachment-large size-large wp-image-29\" alt=\"Roman logo type in white\" srcset=\"https:\/\/romansrl.com\/wp-content\/uploads\/2024\/10\/home-logo-type.png 335w, https:\/\/romansrl.com\/wp-content\/uploads\/2024\/10\/home-logo-type-300x108.png 300w\" sizes=\"(max-width: 335px) 100vw, 335px\" \/>\t\t\t\t\t\t\t\t\t\t\t\t\t\t\t<\/div>\n\t\t\t\t<\/div>\n\t\t\t\t<div class=\"elementor-element elementor-element-914a34d elementor-widget elementor-widget-heading\" data-id=\"914a34d\" data-element_type=\"widget\" data-widget_type=\"heading.default\">\n\t\t\t\t<div class=\"elementor-widget-container\">\n\t\t\t\t\t<h2 class=\"elementor-heading-title elementor-size-default\">SOSTENIBILIT\u00c0<\/h2>\t\t\t\t<\/div>\n\t\t\t\t<\/div>\n\t\t\t\t<\/div>\n\t\t<div class=\"has_eae_slider has_ae_slider elementor-element elementor-element-a4b3cb3 e-flex e-con-boxed wpr-particle-no wpr-jarallax-no wpr-parallax-no wpr-sticky-section-no ae-bg-gallery-type-default e-con e-parent\" data-eae-slider=\"76187\" data-id=\"a4b3cb3\" data-element_type=\"container\">\n\t\t\t\t\t<div class=\"e-con-inner\">\n\t\t\t\t<div class=\"elementor-element elementor-element-1530c22 elementor-widget elementor-widget-heading\" data-id=\"1530c22\" data-element_type=\"widget\" data-widget_type=\"heading.default\">\n\t\t\t\t<div class=\"elementor-widget-container\">\n\t\t\t\t\t<h2 class=\"elementor-heading-title elementor-size-default\">SUSTAIN-ITALY &amp;\n<br>SOSTENIBILIT\u00c0<\/h2>\t\t\t\t<\/div>\n\t\t\t\t<\/div>\n\t\t\t\t<div class=\"elementor-element elementor-element-200106e elementor-widget elementor-widget-image\" data-id=\"200106e\" data-element_type=\"widget\" data-widget_type=\"image.default\">\n\t\t\t\t<div class=\"elementor-widget-container\">\n\t\t\t\t\t\t\t\t\t\t\t\t\t\t\t<img fetchpriority=\"high\" decoding=\"async\" width=\"716\" height=\"449\" src=\"https:\/\/romansrl.com\/wp-content\/uploads\/2024\/10\/intro-image.png\" class=\"attachment-full size-full wp-image-1569\" alt=\"\" srcset=\"https:\/\/romansrl.com\/wp-content\/uploads\/2024\/10\/intro-image.png 716w, https:\/\/romansrl.com\/wp-content\/uploads\/2024\/10\/intro-image-300x188.png 300w, https:\/\/romansrl.com\/wp-content\/uploads\/2024\/10\/intro-image-600x376.png 600w\" sizes=\"(max-width: 716px) 100vw, 716px\" \/>\t\t\t\t\t\t\t\t\t\t\t\t\t\t\t<\/div>\n\t\t\t\t<\/div>\n\t\t\t\t<div class=\"elementor-element elementor-element-7ee3600 elementor-widget elementor-widget-text-editor\" data-id=\"7ee3600\" data-element_type=\"widget\" data-widget_type=\"text-editor.default\">\n\t\t\t\t<div class=\"elementor-widget-container\">\n\t\t\t\t\t\t\t\t\t<p class=\"styles_paragraph__M5Sal\">Il concetto di \"Made in Italy\" \u00e8 rinomato per il suo impegno verso la qualit\u00e0 e la sostenibilit\u00e0. Come marchio italiano, ci atteniamo a questa stimata tradizione concentrandoci sulla creazione di prodotti di alta qualit\u00e0 ed ecologicamente responsabili che supportano l'agricoltura sostenibile. Integriamo ricerche avanzate e tecnologie per sviluppare agrochimici eco-compatibili, come fertilizzanti e pesticidi, che migliorano le rese delle colture riducendo al minimo l'impatto ecologico. Combinando soluzioni innovative e sostenibili con la dedizione alla preservazione del patrimonio agricolo italiano, contribuiamo agli sforzi di sostenibilit\u00e0 globale, promuovendo pratiche agricole pi\u00f9 sicure ed efficienti che proteggono sia l'ambiente che il patrimonio culturale.<\/p><p class=\"styles_paragraph__M5Sal\">I marchi agrochimici dovrebbero svolgere un ruolo cruciale nella promozione della sostenibilit\u00e0 e dell'agricoltura sicura, sviluppando prodotti che aumentino la produttivit\u00e0 delle colture riducendo al minimo l'impatto ambientale. In ROMAN, investiamo in ricerca e sviluppo per creare soluzioni innovative, come fertilizzanti ecologici e prodotti per la protezione delle colture, che riducono il rischio di contaminazione del suolo e delle acque.<\/p>\t\t\t\t\t\t\t\t<\/div>\n\t\t\t\t<\/div>\n\t\t<div class=\"has_eae_slider has_ae_slider elementor-element elementor-element-c70ccee e-grid e-con-boxed wpr-particle-no wpr-jarallax-no wpr-parallax-no wpr-sticky-section-no ae-bg-gallery-type-default e-con e-child\" data-eae-slider=\"58357\" data-id=\"c70ccee\" data-element_type=\"container\">\n\t\t\t\t\t<div class=\"e-con-inner\">\n\t\t\t\t<div class=\"elementor-element elementor-element-978fad1 elementor-widget elementor-widget-image\" data-id=\"978fad1\" data-element_type=\"widget\" data-widget_type=\"image.default\">\n\t\t\t\t<div class=\"elementor-widget-container\">\n\t\t\t\t\t\t\t\t\t\t\t\t\t\t\t<img decoding=\"async\" width=\"224\" height=\"274\" src=\"https:\/\/romansrl.com\/wp-content\/uploads\/2024\/10\/section-1-image.jpg\" class=\"attachment-full size-full wp-image-1566\" alt=\"\" \/>\t\t\t\t\t\t\t\t\t\t\t\t\t\t\t<\/div>\n\t\t\t\t<\/div>\n\t\t\t\t<div class=\"elementor-element elementor-element-abc863c elementor-widget elementor-widget-text-editor\" data-id=\"abc863c\" data-element_type=\"widget\" data-widget_type=\"text-editor.default\">\n\t\t\t\t<div class=\"elementor-widget-container\">\n\t\t\t\t\t\t\t\t\t<p class=\"styles_paragraph__M5Sal\">Attraverso strategie efficaci a lungo e medio termine e tecnologie di agricoltura di precisione, aiutiamo gli agricoltori a ottimizzare l'uso degli input, assicurando che le colture ricevano la giusta quantit\u00e0 di nutrienti e protezione al momento giusto. Inoltre, ci stiamo concentrando sempre pi\u00f9 sulla trasparenza e sulla sicurezza, fornendo ampie sessioni di formazione e risorse agli agricoltori e agli ingegneri sul corretto utilizzo e gestione dei nostri prodotti. Questo approccio favorisce pratiche agricole pi\u00f9 sicure e contribuisce alla salute a lungo termine degli ecosistemi e delle nostre comunit\u00e0 ospitanti.<\/p>\t\t\t\t\t\t\t\t<\/div>\n\t\t\t\t<\/div>\n\t\t\t\t\t<\/div>\n\t\t\t\t<\/div>\n\t\t<div class=\"has_eae_slider has_ae_slider elementor-element elementor-element-c63db23 e-con-full e-flex wpr-particle-no wpr-jarallax-no wpr-parallax-no wpr-sticky-section-no ae-bg-gallery-type-default e-con e-child\" data-eae-slider=\"64630\" data-id=\"c63db23\" data-element_type=\"container\">\n\t\t\t\t<div class=\"elementor-element elementor-element-a47f24a elementor-widget elementor-widget-image\" data-id=\"a47f24a\" data-element_type=\"widget\" data-widget_type=\"image.default\">\n\t\t\t\t<div class=\"elementor-widget-container\">\n\t\t\t\t\t\t\t\t\t\t\t\t\t\t\t<img loading=\"lazy\" decoding=\"async\" width=\"121\" height=\"173\" src=\"https:\/\/romansrl.com\/wp-content\/uploads\/2024\/10\/leave-2.png\" class=\"attachment-large size-large wp-image-2056\" alt=\"\" srcset=\"https:\/\/romansrl.com\/wp-content\/uploads\/2024\/10\/leave-2.png 121w, https:\/\/romansrl.com\/wp-content\/uploads\/2024\/10\/leave-2-8x12.png 8w\" sizes=\"(max-width: 121px) 100vw, 121px\" \/>\t\t\t\t\t\t\t\t\t\t\t\t\t\t\t<\/div>\n\t\t\t\t<\/div>\n\t\t\t\t<\/div>\n\t\t<div class=\"has_eae_slider has_ae_slider elementor-element elementor-element-4e41b2a e-con-full e-grid wpr-particle-no wpr-jarallax-no wpr-parallax-no wpr-sticky-section-no ae-bg-gallery-type-default e-con e-child\" data-eae-slider=\"57375\" data-id=\"4e41b2a\" data-element_type=\"container\">\n\t\t\t\t<div class=\"elementor-element elementor-element-7e371ef elementor-widget elementor-widget-text-editor\" data-id=\"7e371ef\" data-element_type=\"widget\" data-widget_type=\"text-editor.default\">\n\t\t\t\t<div class=\"elementor-widget-container\">\n\t\t\t\t\t\t\t\t\t<p class=\"styles_paragraph__M5Sal\">Le catene di approvvigionamento sostenibili svolgono un ruolo vitale nel promuovere la sostenibilit\u00e0 in agricoltura. Queste catene privilegiano la responsabilit\u00e0 ambientale, pratiche lavorative etiche e l'efficienza delle risorse, assicurando che ogni fase \u2013 dalla produzione alla vendita e distribuzione \u2013 riduca al minimo l'impronta ecologica e supporti il benessere sociale e la sicurezza alimentare. Con questo in mente, noi di ROMAN contribuiamo a questa visione sviluppando prodotti e pratiche che migliorano le rese delle colture preservando le risorse naturali e Madre Terra. Il nostro obiettivo \u00e8 investire in innovazioni ecologiche, come i pesticidi biodegradabili, che aiutano a ridurre l'uso di sostanze chimiche e l'impatto ambientale. Collaborando con i portatori di interesse lungo tutta la nostra catena di approvvigionamento, dagli agricoltori ai distributori, garantiamo che le pratiche sostenibili siano integrate in tutto il processo agricolo. Questa collaborazione favorisce la trasparenza, migliora la gestione delle risorse e promuove l'adozione di tecniche agricole sostenibili, sostenendo infine un sistema agricolo pi\u00f9 resiliente e responsabile.<\/p>\t\t\t\t\t\t\t\t<\/div>\n\t\t\t\t<\/div>\n\t\t\t\t<div class=\"elementor-element elementor-element-7804249 elementor-widget elementor-widget-image\" data-id=\"7804249\" data-element_type=\"widget\" data-widget_type=\"image.default\">\n\t\t\t\t<div class=\"elementor-widget-container\">\n\t\t\t\t\t\t\t\t\t\t\t\t\t\t\t<img loading=\"lazy\" decoding=\"async\" width=\"224\" height=\"274\" src=\"https:\/\/romansrl.com\/wp-content\/uploads\/2024\/10\/section-2-image.jpg\" class=\"attachment-full size-full wp-image-1567\" alt=\"\" \/>\t\t\t\t\t\t\t\t\t\t\t\t\t\t\t<\/div>\n\t\t\t\t<\/div>\n\t\t\t\t<\/div>\n\t\t\t\t\t<\/div>\n\t\t\t\t<\/div>\n\t\t<div class=\"has_eae_slider has_ae_slider elementor-element elementor-element-ab75996 e-con-full e-flex wpr-particle-no wpr-jarallax-no wpr-parallax-no wpr-sticky-section-no ae-bg-gallery-type-default e-con e-parent\" data-eae-slider=\"22631\" data-id=\"ab75996\" data-element_type=\"container\" data-settings=\"{&quot;background_background&quot;:&quot;classic&quot;}\">\n\t\t\t\t<\/div>\n\t\t<div class=\"has_eae_slider has_ae_slider elementor-element elementor-element-be6b867 e-flex e-con-boxed wpr-particle-no wpr-jarallax-no wpr-parallax-no wpr-sticky-section-no ae-bg-gallery-type-default e-con e-parent\" data-eae-slider=\"87358\" data-id=\"be6b867\" data-element_type=\"container\" data-settings=\"{&quot;background_background&quot;:&quot;classic&quot;}\">\n\t\t\t\t\t<div class=\"e-con-inner\">\n\t\t\t\t<div class=\"elementor-element elementor-element-2aa1485 elementor-widget elementor-widget-heading\" data-id=\"2aa1485\" data-element_type=\"widget\" data-widget_type=\"heading.default\">\n\t\t\t\t<div class=\"elementor-widget-container\">\n\t\t\t\t\t<h2 class=\"elementor-heading-title elementor-size-default\">SUSTAIN-ITALY: LA NOSTRA PAROLA CHIAVE<\/h2>\t\t\t\t<\/div>\n\t\t\t\t<\/div>\n\t\t\t\t<div class=\"elementor-element elementor-element-ded7c05 elementor-widget__width-initial elementor-widget-mobile__width-inherit elementor-widget elementor-widget-text-editor\" data-id=\"ded7c05\" data-element_type=\"widget\" data-widget_type=\"text-editor.default\">\n\t\t\t\t<div class=\"elementor-widget-container\">\n\t\t\t\t\t\t\t\t\t<p>In ROMAN, abbiamo scelto la coccinella (Coccinella in italiano) come ambasciatrice visiva del nostro marchio per Sustain-Italy e la sostenibilit\u00e0. Le coccinelle, conosciute anche come ladybugs, svolgono un ruolo cruciale nell'agricoltura e nella sostenibilit\u00e0, fungendo da agenti naturali di controllo dei parassiti. Questi insetti benefici sono predatori voraci di afidi, acari e altri parassiti dannosi che possono compromettere le colture. Regolando naturalmente le popolazioni di parassiti, le coccinelle riducono la necessit\u00e0 di pesticidi chimici, che possono avere effetti dannosi sull'ambiente, tra cui il degrado del suolo e l'inquinamento delle acque. La loro presenza promuove la biodiversit\u00e0 e la salute degli ecosistemi agricoli, contribuendo a un ambiente agricolo equilibrato e resiliente, che \u00e8 ci\u00f2 che cerchiamo di raggiungere in ROMAN a livello globale.\nAbbiamo coniato la parola \u201cSustain-Italy\u201d come la nostra parola chiave e mantra per mettere in evidenza l'indissolubile connessione tra l'Italia e la sostenibilit\u00e0 nelle nostre pratiche aziendali e produttive lungo tutta la nostra catena di approvvigionamento.<\/p>\t\t\t\t\t\t\t\t<\/div>\n\t\t\t\t<\/div>\n\t\t\t\t<div class=\"elementor-element elementor-element-6e60746 elementor-widget elementor-widget-heading\" data-id=\"6e60746\" data-element_type=\"widget\" data-widget_type=\"heading.default\">\n\t\t\t\t<div class=\"elementor-widget-container\">\n\t\t\t\t\t<h2 class=\"elementor-heading-title elementor-size-default\">Insieme alla natura, cresciamo<\/h2>\t\t\t\t<\/div>\n\t\t\t\t<\/div>\n\t\t<div class=\"has_eae_slider has_ae_slider elementor-element elementor-element-8494018 e-con-full e-flex wpr-particle-no wpr-jarallax-no wpr-parallax-no wpr-sticky-section-no ae-bg-gallery-type-default e-con e-child\" data-eae-slider=\"98047\" data-id=\"8494018\" data-element_type=\"container\" data-settings=\"{&quot;background_background&quot;:&quot;classic&quot;,&quot;position&quot;:&quot;absolute&quot;}\">\n\t\t\t\t<div class=\"elementor-element elementor-element-3bae81f elementor-widget elementor-widget-image\" data-id=\"3bae81f\" data-element_type=\"widget\" data-widget_type=\"image.default\">\n\t\t\t\t<div class=\"elementor-widget-container\">\n\t\t\t\t\t\t\t\t\t\t\t\t\t\t\t<img loading=\"lazy\" decoding=\"async\" width=\"49\" height=\"49\" src=\"https:\/\/romansrl.com\/wp-content\/uploads\/2024\/10\/lady-bug.png\" class=\"attachment-full size-full wp-image-303\" alt=\"The lady bug is the symbol of Roman Brand\" \/>\t\t\t\t\t\t\t\t\t\t\t\t\t\t\t<\/div>\n\t\t\t\t<\/div>\n\t\t<div class=\"has_eae_slider has_ae_slider elementor-element elementor-element-c36fd2f e-con-full e-flex wpr-particle-no wpr-jarallax-no wpr-parallax-no wpr-sticky-section-no ae-bg-gallery-type-default e-con e-child\" data-eae-slider=\"79831\" data-id=\"c36fd2f\" data-element_type=\"container\" data-settings=\"{&quot;position&quot;:&quot;absolute&quot;}\">\n\t\t\t\t<div class=\"elementor-element elementor-element-9bba56c elementor-widget__width-initial elementor-widget elementor-widget-image\" data-id=\"9bba56c\" data-element_type=\"widget\" data-widget_type=\"image.default\">\n\t\t\t\t<div class=\"elementor-widget-container\">\n\t\t\t\t\t\t\t\t\t\t\t\t\t\t\t<img loading=\"lazy\" decoding=\"async\" width=\"375\" height=\"130\" src=\"https:\/\/romansrl.com\/wp-content\/uploads\/2024\/10\/Logo-Roman-w.png\" class=\"attachment-large size-large wp-image-2154\" alt=\"Roman Logo in white color\" srcset=\"https:\/\/romansrl.com\/wp-content\/uploads\/2024\/10\/Logo-Roman-w.png 375w, https:\/\/romansrl.com\/wp-content\/uploads\/2024\/10\/Logo-Roman-w-300x104.png 300w, https:\/\/romansrl.com\/wp-content\/uploads\/2024\/10\/Logo-Roman-w-18x6.png 18w\" sizes=\"(max-width: 375px) 100vw, 375px\" \/>\t\t\t\t\t\t\t\t\t\t\t\t\t\t\t<\/div>\n\t\t\t\t<\/div>\n\t\t\t\t<div class=\"elementor-element elementor-element-02cfcab elementor-widget elementor-widget-heading\" data-id=\"02cfcab\" data-element_type=\"widget\" data-widget_type=\"heading.default\">\n\t\t\t\t<div class=\"elementor-widget-container\">\n\t\t\t\t\t<h2 class=\"elementor-heading-title elementor-size-default\">\u00a9 2024 Roman Srl. Tutti i diritti riservati.<\/h2>\t\t\t\t<\/div>\n\t\t\t\t<\/div>\n\t\t\t\t<\/div>\n\t\t\t\t<\/div>\n\t\t\t\t\t<\/div>\n\t\t\t\t<\/div>\n\t\t\t\t<\/div>","protected":false},"excerpt":{"rendered":"<p>SUSTAINABILITY SUSTAIN-ITALY &amp; SUSTAINABILITY The &#8216;Made in Italy&#8217; concept is renowned for its commitment to quality and sustainability. As an Italian brand, we adhere to this esteemed tradition by focusing on creating high-quality, environmentally responsible products that support sustainable agriculture. We integrate advanced research and technology to develop eco-friendly agrochemicals, such as fertilisers and pesticides, that enhance crop yields while minimising ecological impact. By combining innovative, sustainable solutions with a dedication to preserving Italy\u2019s agricultural legacy, we contribute to global sustainability efforts, fostering safer, more efficient farming practices that protect both the environment and cultural heritage. Agrochemical brands should play a pivotal role in promoting sustainability and safe agriculture by developing products that enhance crop productivity while minimising environmental impact. At ROMAN, we invest in research and development to create innovative solutions, such as eco-friendly fertilisers and crop protection products, that reduce the risk of soil and water contamination. Through effective long-term and medium-term strategies and precision agriculture technologies, we help farmers optimise input use, ensuring crops receive the right amount of nutrients and protection at the right time. Additionally, we are increasingly focusing on transparency and safety, providing extensive training and resources to farmers and engineers on the proper use and handling of our products. This approach fosters safer farming practices and contributes to the long-term health of ecosystems and our host communities. Sustainable supply chains play a vital role in advancing sustainability in agriculture. These supply chains prioritise environmental responsibility, ethical labor practices, and resource efficiency, ensuring that each step\u2014from production to sales and distribution\u2014minimises ecological footprints and supports social well-being and food security. With this in mind, we at ROMAN contribute to this vision by developing products and practices that enhance crop yields while preserving natural resources and Mother Earth. We aim to invest in eco-friendly innovations, such as biodegradable pesticides, which help reduce chemical use and environmental impact. By collaborating with stakeholders across our supply chain, from farmers to distributors, we ensure that sustainable practices are embedded throughout the agricultural process. This collaboration fosters transparency, improves resource management, and promotes the adoption of sustainable farming techniques, ultimately supporting a more resilient and responsible agricultural system. SUSTAIN-ITALY: OUR KEYWORD At ROMAN, we have chosen the ladybird (Coccinella in Italian) as our visual brand ambassador for Sustain-Italy and sustainability. Ladybirds, also known as ladybugs, play a crucial role in agriculture and sustainability by serving as natural pest control agents. These beneficial insects are voracious predators of aphids, mites, and other harmful pests that can damage crops. By naturally regulating pest populations, ladybugs reduce the need for chemical pesticides, which can have harmful effects on the environment, including soil degradation and water pollution. Their presence promotes biodiversity and the health of agricultural ecosystems, contributing to a balanced and resilient agricultural environment, which we seek at ROMAN at large. We coined the word &#8220;Sustain-Italy&#8221; as our keyword and mantra to highlight the inextricable connection between Italy and sustainability in our business and production practices throughout our supply chain. Hand in hand with nature we grow \u00a9 2024 Roman Srl. All rights reserved.<\/p>","protected":false},"author":1,"featured_media":0,"parent":0,"menu_order":0,"comment_status":"closed","ping_status":"closed","template":"elementor_canvas","meta":{"_acf_changed":false,"inline_featured_image":false,"footnotes":""},"class_list":["post-1561","page","type-page","status-publish","hentry"],"acf":[],"aioseo_notices":[],"_links":{"self":[{"href":"https:\/\/romansrl.com\/it\/wp-json\/wp\/v2\/pages\/1561","targetHints":{"allow":["GET"]}}],"collection":[{"href":"https:\/\/romansrl.com\/it\/wp-json\/wp\/v2\/pages"}],"about":[{"href":"https:\/\/romansrl.com\/it\/wp-json\/wp\/v2\/types\/page"}],"author":[{"embeddable":true,"href":"https:\/\/romansrl.com\/it\/wp-json\/wp\/v2\/users\/1"}],"replies":[{"embeddable":true,"href":"https:\/\/romansrl.com\/it\/wp-json\/wp\/v2\/comments?post=1561"}],"version-history":[{"count":0,"href":"https:\/\/romansrl.com\/it\/wp-json\/wp\/v2\/pages\/1561\/revisions"}],"wp:attachment":[{"href":"https:\/\/romansrl.com\/it\/wp-json\/wp\/v2\/media?parent=1561"}],"curies":[{"name":"wp","href":"https:\/\/api.w.org\/{rel}","templated":true}]}}