{"id":1535,"date":"2024-10-16T06:07:50","date_gmt":"2024-10-16T06:07:50","guid":{"rendered":"https:\/\/romansrl.com\/?page_id=1535"},"modified":"2024-11-24T09:49:51","modified_gmt":"2024-11-24T09:49:51","slug":"contact","status":"publish","type":"page","link":"https:\/\/romansrl.com\/it\/contact\/","title":{"rendered":"Contact"},"content":{"rendered":"<div data-elementor-type=\"wp-page\" data-elementor-id=\"1535\" class=\"elementor elementor-1535\">\n\t\t\t\t\n\t<script type=\"text\/javascript\">\n\t\t\n\t\tjQuery(document).ready(function ($) {\n\t\t\tvar elementSelector = \".elementor-element-447fc1bd[data-eae-slider=33764]\";\n\t\t\tvar $element = jQuery(elementSelector);\n\n\t\t\t\/\/ Adding the HTML structure\n\t\t\t$element.prepend('<div class=\"eae-section-bs\"><div class=\"eae-section-bs-inner\"><\/div><\/div>');\n\n\t\t\t\/\/ Initialize vegas background slider\n\t\t\t$element.children('.eae-section-bs').children('.eae-section-bs-inner').vegas({\n\t\t\t\tslides: [{\"src\":\"https:\\\/\\\/romansrl.com\\\/wp-content\\\/uploads\\\/2024\\\/10\\\/line.svg\"}],\n\t\t\t\ttransition: 'fade',\n\t\t\t\tanimation: 'kenburnsRight',\n\t\t\t\toverlay: 'https:\/\/romansrl.com\/wp-content\/plugins\/addon-elements-for-elementor-page-builder\/\/assets\/lib\/vegas\/overlays\/00.png',\n\t\t\t\tcover: false,\n\t\t\t\tdelay: 2000,\n\t\t\t\ttimer: true\t\t\t});\n\t\t\t\n\n\t\t\t\/\/ Clear the overlay if custom overlay switcher is set to 'yes'\n\t\t\tif ('' === 'yes') {\n\t\t\t\t$element.find('.vegas-overlay').css('background-image', '');\n\t\t\t}\n\t\t});\n\t<\/script>\n\t\t<div class=\"has_eae_slider has_ae_slider elementor-element elementor-element-447fc1bd e-con-full ss e-flex wpr-particle-no wpr-jarallax-no wpr-parallax-no wpr-sticky-section-no ae-bg-gallery-type-default e-con e-parent\" data-eae-slider=\"33764\" data-id=\"447fc1bd\" data-element_type=\"container\" data-settings=\"{&quot;background_background&quot;:&quot;classic&quot;}\">\n\t\t\t\t<div class=\"elementor-element elementor-element-18c65992 elementor-widget elementor-widget-image\" data-id=\"18c65992\" data-element_type=\"widget\" data-widget_type=\"image.default\">\n\t\t\t\t<div class=\"elementor-widget-container\">\n\t\t\t\t\t\t\t\t\t\t\t\t\t\t\t<img decoding=\"async\" width=\"335\" height=\"121\" src=\"https:\/\/romansrl.com\/wp-content\/uploads\/2024\/10\/home-logo-type.png\" class=\"attachment-large size-large wp-image-29\" alt=\"Roman logo type in white\" srcset=\"https:\/\/romansrl.com\/wp-content\/uploads\/2024\/10\/home-logo-type.png 335w, https:\/\/romansrl.com\/wp-content\/uploads\/2024\/10\/home-logo-type-300x108.png 300w\" sizes=\"(max-width: 335px) 100vw, 335px\" \/>\t\t\t\t\t\t\t\t\t\t\t\t\t\t\t<\/div>\n\t\t\t\t<\/div>\n\t\t\t\t<div class=\"elementor-element elementor-element-6947642 elementor-widget elementor-widget-heading\" data-id=\"6947642\" data-element_type=\"widget\" data-widget_type=\"heading.default\">\n\t\t\t\t<div class=\"elementor-widget-container\">\n\t\t\t\t\t<h2 class=\"elementor-heading-title elementor-size-default\">CONNETTITI CON NOI<\/h2>\t\t\t\t<\/div>\n\t\t\t\t<\/div>\n\t\t\t\t<\/div>\n\t\t<div class=\"has_eae_slider has_ae_slider elementor-element elementor-element-bbca68b e-flex e-con-boxed wpr-particle-no wpr-jarallax-no wpr-parallax-no wpr-sticky-section-no ae-bg-gallery-type-default e-con e-parent\" data-eae-slider=\"81532\" data-id=\"bbca68b\" data-element_type=\"container\" data-settings=\"{&quot;background_background&quot;:&quot;classic&quot;}\">\n\t\t\t\t\t<div class=\"e-con-inner\">\n\t\t\t\t<div class=\"elementor-element elementor-element-fb40d42 elementor-widget elementor-widget-heading\" data-id=\"fb40d42\" data-element_type=\"widget\" data-widget_type=\"heading.default\">\n\t\t\t\t<div class=\"elementor-widget-container\">\n\t\t\t\t\t<h2 class=\"elementor-heading-title elementor-size-default\">CONNETTITI CON NOI<\/h2>\t\t\t\t<\/div>\n\t\t\t\t<\/div>\n\t\t\t\t<div class=\"elementor-element elementor-element-e298ceb e-transform elementor-widget elementor-widget-image\" data-id=\"e298ceb\" data-element_type=\"widget\" data-settings=\"{&quot;_transform_rotateZ_effect&quot;:{&quot;unit&quot;:&quot;px&quot;,&quot;size&quot;:-25,&quot;sizes&quot;:[]},&quot;_transform_rotateZ_effect_tablet&quot;:{&quot;unit&quot;:&quot;deg&quot;,&quot;size&quot;:&quot;&quot;,&quot;sizes&quot;:[]},&quot;_transform_rotateZ_effect_mobile&quot;:{&quot;unit&quot;:&quot;deg&quot;,&quot;size&quot;:&quot;&quot;,&quot;sizes&quot;:[]}}\" data-widget_type=\"image.default\">\n\t\t\t\t<div class=\"elementor-widget-container\">\n\t\t\t\t\t\t\t\t\t\t\t\t\t\t\t<img decoding=\"async\" width=\"49\" height=\"49\" src=\"https:\/\/romansrl.com\/wp-content\/uploads\/2024\/10\/lady-bug.png\" class=\"attachment-large size-large wp-image-303\" alt=\"The lady bug is the symbol of Roman Brand\" \/>\t\t\t\t\t\t\t\t\t\t\t\t\t\t\t<\/div>\n\t\t\t\t<\/div>\n\t\t\t\t<div class=\"elementor-element elementor-element-b57c4e9 elementor-widget elementor-widget-heading\" data-id=\"b57c4e9\" data-element_type=\"widget\" data-widget_type=\"heading.default\">\n\t\t\t\t<div class=\"elementor-widget-container\">\n\t\t\t\t\t<h2 class=\"elementor-heading-title elementor-size-default\">Collaborare con Roman<\/h2>\t\t\t\t<\/div>\n\t\t\t\t<\/div>\n\t\t\t\t<div class=\"elementor-element elementor-element-91b24e4 elementor-widget__width-initial elementor-widget elementor-widget-text-editor\" data-id=\"91b24e4\" data-element_type=\"widget\" data-widget_type=\"text-editor.default\">\n\t\t\t\t<div class=\"elementor-widget-container\">\n\t\t\t\t\t\t\t\t\t<p><span style=\"font-weight: 400;\">Se sei interessato a diventare un rappresentante di vendita o distributore per le soluzioni e i prodotti agrochimici di ROMAN nel tuo paese o regione, ti invitiamo a unirti alla nostra rete globale di partner. Per iniziare, contattaci tramite il nostro sito web o direttamente il nostro Dipartimento Partnership all\u2019indirizzo <b>partners@romansrl.com<\/b>Forniscici informazioni dettagliate sulla tua attivit\u00e0, comprese le tue esperienze nel settore agrochimico, la tua presenza sul mercato e le tue capacit\u00e0 di distribuzione. Il nostro team esaminer\u00e0 la tua candidatura e, se selezionato, ti forniremo una formazione completa, supporto marketing e prezzi competitivi per garantire il tuo successo. Unisciti a noi per portare soluzioni agrochimiche innovative agli agricoltori di tutto il mondo!<\/span><\/p>\t\t\t\t\t\t\t\t<\/div>\n\t\t\t\t<\/div>\n\t\t\t\t<div class=\"elementor-element elementor-element-e8a66f1 elementor-widget elementor-widget-heading\" data-id=\"e8a66f1\" data-element_type=\"widget\" data-widget_type=\"heading.default\">\n\t\t\t\t<div class=\"elementor-widget-container\">\n\t\t\t\t\t<h2 class=\"elementor-heading-title elementor-size-default\">ALTRE OPPORTUNIT\u00c0 <br>\nDI COLLABORAZIONE CON NOI<\/h2>\t\t\t\t<\/div>\n\t\t\t\t<\/div>\n\t\t\t\t<div class=\"elementor-element elementor-element-753e8cb elementor-widget__width-initial elementor-widget elementor-widget-text-editor\" data-id=\"753e8cb\" data-element_type=\"widget\" data-widget_type=\"text-editor.default\">\n\t\t\t\t<div class=\"elementor-widget-container\">\n\t\t\t\t\t\t\t\t\tPer richieste di assistenza clienti e supporto agli agricoltori, il nostro team di assistenza \u00e8 disponibile attraverso il nostro help center online o tramite email a <strong>support@romansrl.com<\/strong>\n<br>\n<br>\nSe stai cercando opportunit\u00e0 di carriera, visita la nostra pagina dedicata alle carriere per visualizzare le posizioni aperte e inviare la tua candidatura, oppure invia la tua lettera di presentazione e il CV direttamente a\n<strong>careers@romansrl.com<\/strong>\n<br>\n<br>\nPer richieste di approvvigionamento, contatta il nostro team tramite il nostro portale di approvvigionamento specializzato o direttamente all'indirizzo <strong>sourcing@romansrl.com<\/strong>\n<br>\n<br>\nPer servizi creativi, collegati con il nostro team all\u2019indirizzo <strong>branding@romansrl.com<\/strong>\t\t\t\t\t\t\t\t<\/div>\n\t\t\t\t<\/div>\n\t\t<div class=\"has_eae_slider has_ae_slider elementor-element elementor-element-0cfae58 e-con-full e-grid wpr-particle-no wpr-jarallax-no wpr-parallax-no wpr-sticky-section-no ae-bg-gallery-type-default e-con e-child\" data-eae-slider=\"87945\" data-id=\"0cfae58\" data-element_type=\"container\">\n\t\t<div class=\"has_eae_slider has_ae_slider elementor-element elementor-element-fc12adc e-con-full e-flex wpr-particle-no wpr-jarallax-no wpr-parallax-no wpr-sticky-section-no ae-bg-gallery-type-default e-con e-child\" data-eae-slider=\"30915\" data-id=\"fc12adc\" data-element_type=\"container\" data-settings=\"{&quot;background_background&quot;:&quot;classic&quot;}\">\n\t\t\t\t<div class=\"elementor-element elementor-element-72a50ee elementor-widget elementor-widget-image\" data-id=\"72a50ee\" data-element_type=\"widget\" data-widget_type=\"image.default\">\n\t\t\t\t<div class=\"elementor-widget-container\">\n\t\t\t\t\t\t\t\t\t\t\t\t\t\t\t<img fetchpriority=\"high\" decoding=\"async\" width=\"373\" height=\"472\" src=\"https:\/\/romansrl.com\/wp-content\/uploads\/2024\/10\/location.jpg\" class=\"attachment-large size-large wp-image-1542\" alt=\"\" srcset=\"https:\/\/romansrl.com\/wp-content\/uploads\/2024\/10\/location.jpg 373w, https:\/\/romansrl.com\/wp-content\/uploads\/2024\/10\/location-237x300.jpg 237w\" sizes=\"(max-width: 373px) 100vw, 373px\" \/>\t\t\t\t\t\t\t\t\t\t\t\t\t\t\t<\/div>\n\t\t\t\t<\/div>\n\t\t\t\t<\/div>\n\t\t<div class=\"has_eae_slider has_ae_slider elementor-element elementor-element-54a2dae e-con-full e-flex wpr-particle-no wpr-jarallax-no wpr-parallax-no wpr-sticky-section-no ae-bg-gallery-type-default e-con e-child\" data-eae-slider=\"63205\" data-id=\"54a2dae\" data-element_type=\"container\" data-settings=\"{&quot;background_background&quot;:&quot;classic&quot;}\">\n\t\t\t\t<div class=\"elementor-element elementor-element-f2f5c80 elementor-widget elementor-widget-heading\" data-id=\"f2f5c80\" data-element_type=\"widget\" data-widget_type=\"heading.default\">\n\t\t\t\t<div class=\"elementor-widget-container\">\n\t\t\t\t\t<h2 class=\"elementor-heading-title elementor-size-default\">Incontraci<\/h2>\t\t\t\t<\/div>\n\t\t\t\t<\/div>\n\t\t\t\t<div class=\"elementor-element elementor-element-88c7b05 elementor-widget__width-initial elementor-tablet-align-left elementor-icon-list--layout-traditional elementor-list-item-link-full_width elementor-widget elementor-widget-icon-list\" data-id=\"88c7b05\" data-element_type=\"widget\" data-widget_type=\"icon-list.default\">\n\t\t\t\t<div class=\"elementor-widget-container\">\n\t\t\t\t\t\t\t<ul class=\"elementor-icon-list-items\">\n\t\t\t\t\t\t\t<li class=\"elementor-icon-list-item\">\n\t\t\t\t\t\t\t\t\t\t\t<span class=\"elementor-icon-list-icon\">\n\t\t\t\t\t\t\t<svg aria-hidden=\"true\" class=\"e-font-icon-svg e-fas-at\" viewbox=\"0 0 512 512\" xmlns=\"http:\/\/www.w3.org\/2000\/svg\"><path d=\"M256 8C118.941 8 8 118.919 8 256c0 137.059 110.919 248 248 248 48.154 0 95.342-14.14 135.408-40.223 12.005-7.815 14.625-24.288 5.552-35.372l-10.177-12.433c-7.671-9.371-21.179-11.667-31.373-5.129C325.92 429.757 291.314 440 256 440c-101.458 0-184-82.542-184-184S154.542 72 256 72c100.139 0 184 57.619 184 160 0 38.786-21.093 79.742-58.17 83.693-17.349-.454-16.91-12.857-13.476-30.024l23.433-121.11C394.653 149.75 383.308 136 368.225 136h-44.981a13.518 13.518 0 0 0-13.432 11.993l-.01.092c-14.697-17.901-40.448-21.775-59.971-21.775-74.58 0-137.831 62.234-137.831 151.46 0 65.303 36.785 105.87 96 105.87 26.984 0 57.369-15.637 74.991-38.333 9.522 34.104 40.613 34.103 70.71 34.103C462.609 379.41 504 307.798 504 232 504 95.653 394.023 8 256 8zm-21.68 304.43c-22.249 0-36.07-15.623-36.07-40.771 0-44.993 30.779-72.729 58.63-72.729 22.292 0 35.601 15.241 35.601 40.77 0 45.061-33.875 72.73-58.161 72.73z\"><\/path><\/svg>\t\t\t\t\t\t<\/span>\n\t\t\t\t\t\t\t\t\t\t<span class=\"elementor-icon-list-text\">support@romansrl.com<\/span>\n\t\t\t\t\t\t\t\t\t<\/li>\n\t\t\t\t\t\t\t\t<li class=\"elementor-icon-list-item\">\n\t\t\t\t\t\t\t\t\t\t\t<span class=\"elementor-icon-list-icon\">\n\t\t\t\t\t\t\t<svg aria-hidden=\"true\" class=\"e-font-icon-svg e-fas-map-marker-alt\" viewbox=\"0 0 384 512\" xmlns=\"http:\/\/www.w3.org\/2000\/svg\"><path d=\"M172.268 501.67C26.97 291.031 0 269.413 0 192 0 85.961 85.961 0 192 0s192 85.961 192 192c0 77.413-26.97 99.031-172.268 309.67-9.535 13.774-29.93 13.773-39.464 0zM192 272c44.183 0 80-35.817 80-80s-35.817-80-80-80-80 35.817-80 80 35.817 80 80 80z\"><\/path><\/svg>\t\t\t\t\t\t<\/span>\n\t\t\t\t\t\t\t\t\t\t<span class=\"elementor-icon-list-text\">Via Giuseppe Alessi, 18 90143 Palermo (PA) Italy<\/span>\n\t\t\t\t\t\t\t\t\t<\/li>\n\t\t\t\t\t\t<\/ul>\n\t\t\t\t\t\t<\/div>\n\t\t\t\t<\/div>\n\t\t\t\t<\/div>\n\t\t<div class=\"has_eae_slider has_ae_slider elementor-element elementor-element-7f7c454 e-con-full e-flex wpr-particle-no wpr-jarallax-no wpr-parallax-no wpr-sticky-section-no ae-bg-gallery-type-default e-con e-child\" data-eae-slider=\"21529\" data-id=\"7f7c454\" data-element_type=\"container\" data-settings=\"{&quot;background_background&quot;:&quot;classic&quot;}\">\n\t\t\t\t<div class=\"elementor-element elementor-element-f9d023c elementor-widget elementor-widget-heading\" data-id=\"f9d023c\" data-element_type=\"widget\" data-widget_type=\"heading.default\">\n\t\t\t\t<div class=\"elementor-widget-container\">\n\t\t\t\t\t<h2 class=\"elementor-heading-title elementor-size-default\">Dipartimenti<\/h2>\t\t\t\t<\/div>\n\t\t\t\t<\/div>\n\t\t\t\t<div class=\"elementor-element elementor-element-6e0a6d6 elementor-widget elementor-widget-heading\" data-id=\"6e0a6d6\" data-element_type=\"widget\" data-widget_type=\"heading.default\">\n\t\t\t\t<div class=\"elementor-widget-container\">\n\t\t\t\t\t<h2 class=\"elementor-heading-title elementor-size-default\">sales@romansrl.com\n<br>\nhr@romansrl.com\n<br>\nresearch@romansrl.com<\/h2>\t\t\t\t<\/div>\n\t\t\t\t<\/div>\n\t\t\t\t<\/div>\n\t\t\t\t<\/div>\n\t\t<div class=\"has_eae_slider has_ae_slider elementor-element elementor-element-a1e8d4a e-con-full e-flex wpr-particle-no wpr-jarallax-no wpr-parallax-no wpr-sticky-section-no ae-bg-gallery-type-default e-con e-child\" data-eae-slider=\"24894\" data-id=\"a1e8d4a\" data-element_type=\"container\" data-settings=\"{&quot;background_background&quot;:&quot;classic&quot;,&quot;position&quot;:&quot;absolute&quot;}\">\n\t\t\t\t<div class=\"elementor-element elementor-element-e1e915f elementor-widget elementor-widget-image\" data-id=\"e1e915f\" data-element_type=\"widget\" data-widget_type=\"image.default\">\n\t\t\t\t<div class=\"elementor-widget-container\">\n\t\t\t\t\t\t\t\t\t\t\t\t\t\t\t<img loading=\"lazy\" decoding=\"async\" width=\"49\" height=\"49\" src=\"https:\/\/romansrl.com\/wp-content\/uploads\/2024\/10\/lady-bug.png\" class=\"attachment-full size-full wp-image-303\" alt=\"The lady bug is the symbol of Roman Brand\" \/>\t\t\t\t\t\t\t\t\t\t\t\t\t\t\t<\/div>\n\t\t\t\t<\/div>\n\t\t<div class=\"has_eae_slider has_ae_slider elementor-element elementor-element-04bc8a8 e-con-full e-flex wpr-particle-no wpr-jarallax-no wpr-parallax-no wpr-sticky-section-no ae-bg-gallery-type-default e-con e-child\" data-eae-slider=\"16619\" data-id=\"04bc8a8\" data-element_type=\"container\" data-settings=\"{&quot;position&quot;:&quot;absolute&quot;}\">\n\t\t\t\t<div class=\"elementor-element elementor-element-e069b20 elementor-widget__width-initial elementor-widget elementor-widget-image\" data-id=\"e069b20\" data-element_type=\"widget\" data-widget_type=\"image.default\">\n\t\t\t\t<div class=\"elementor-widget-container\">\n\t\t\t\t\t\t\t\t\t\t\t\t\t\t\t<img loading=\"lazy\" decoding=\"async\" width=\"375\" height=\"130\" src=\"https:\/\/romansrl.com\/wp-content\/uploads\/2024\/10\/Logo-Roman-w.png\" class=\"attachment-large size-large wp-image-2154\" alt=\"Roman Logo in white color\" srcset=\"https:\/\/romansrl.com\/wp-content\/uploads\/2024\/10\/Logo-Roman-w.png 375w, https:\/\/romansrl.com\/wp-content\/uploads\/2024\/10\/Logo-Roman-w-300x104.png 300w, https:\/\/romansrl.com\/wp-content\/uploads\/2024\/10\/Logo-Roman-w-18x6.png 18w\" sizes=\"(max-width: 375px) 100vw, 375px\" \/>\t\t\t\t\t\t\t\t\t\t\t\t\t\t\t<\/div>\n\t\t\t\t<\/div>\n\t\t\t\t<div class=\"elementor-element elementor-element-87843cc elementor-widget elementor-widget-heading\" data-id=\"87843cc\" data-element_type=\"widget\" data-widget_type=\"heading.default\">\n\t\t\t\t<div class=\"elementor-widget-container\">\n\t\t\t\t\t<h2 class=\"elementor-heading-title elementor-size-default\">\u00a9 2024 Roman Srl. Tutti i diritti riservati.<\/h2>\t\t\t\t<\/div>\n\t\t\t\t<\/div>\n\t\t\t\t<\/div>\n\t\t\t\t<\/div>\n\t\t\t\t\t<\/div>\n\t\t\t\t<\/div>\n\t\t\t\t<\/div>","protected":false},"excerpt":{"rendered":"<p>CONNECT WITH US CONNECT WITH US Partner with Roman If you are interested in becoming a sales representative or distributor for ROMAN agrochemical solutions and products in your country or region, we invite you to join our global network of partners. To get started, please reach out to us through our website or contact our Partnerships Department directly via partners@romansrl.com. Provide us with detailed information about your business, including your experience in the agrochemical industry, market presence, and distribution capabilities. Our team will review your application and, if selected, we will provide comprehensive training, marketing support, and competitive pricing to ensure your success. Join us in bringing innovative agrochemical solutions to farmers worldwide! OTHER PARTNERSHIP OPPORTUNITIES WITH US For customer care enquiries and farmers support, our support team is available through our online help centre or via customer support email at support@romansrl.com If you\u2019re exploring career opportunities, visit our careers page to view current openings and submit your application, or send your cover letter and CV directly at careers@romansrl.com For sourcing enquiries, contact our sourcing team through our specialised sourcing portal or directly at sourcing@romansrl.com For creative services, connect with our team through: branding@romansrl.com Meet us support@romansrl.com Via Giuseppe Alessi, 18 90143 Palermo (PA) Italy Departments sales@romansrl.com hr@romansrl.com research@romansrl.com \u00a9 2024 Roman Srl. All rights reserved.<\/p>","protected":false},"author":1,"featured_media":0,"parent":0,"menu_order":0,"comment_status":"closed","ping_status":"closed","template":"elementor_canvas","meta":{"_acf_changed":false,"inline_featured_image":false,"footnotes":""},"class_list":["post-1535","page","type-page","status-publish","hentry"],"acf":[],"aioseo_notices":[],"_links":{"self":[{"href":"https:\/\/romansrl.com\/it\/wp-json\/wp\/v2\/pages\/1535","targetHints":{"allow":["GET"]}}],"collection":[{"href":"https:\/\/romansrl.com\/it\/wp-json\/wp\/v2\/pages"}],"about":[{"href":"https:\/\/romansrl.com\/it\/wp-json\/wp\/v2\/types\/page"}],"author":[{"embeddable":true,"href":"https:\/\/romansrl.com\/it\/wp-json\/wp\/v2\/users\/1"}],"replies":[{"embeddable":true,"href":"https:\/\/romansrl.com\/it\/wp-json\/wp\/v2\/comments?post=1535"}],"version-history":[{"count":0,"href":"https:\/\/romansrl.com\/it\/wp-json\/wp\/v2\/pages\/1535\/revisions"}],"wp:attachment":[{"href":"https:\/\/romansrl.com\/it\/wp-json\/wp\/v2\/media?parent=1535"}],"curies":[{"name":"wp","href":"https:\/\/api.w.org\/{rel}","templated":true}]}}